{"id":15,"date":"2016-10-17T06:41:04","date_gmt":"2016-10-17T04:41:04","guid":{"rendered":"http:\/\/www.fmbc-austria.at\/cms\/?page_id=15"},"modified":"2026-02-26T18:44:33","modified_gmt":"2026-02-26T17:44:33","slug":"abschied","status":"publish","type":"page","link":"https:\/\/www.fmbc-austria.at\/cms\/?page_id=15","title":{"rendered":"Abschied"},"content":{"rendered":"<p>&nbsp;<\/p>\n<h3><strong>Peter Krizek \u2020 2026<\/strong><\/h3>\n<p><img loading=\"lazy\" decoding=\"async\" class=\"size-medium wp-image-12492 alignleft\" src=\"https:\/\/www.fmbc-austria.at\/cms\/wp-content\/uploads\/2026\/02\/Peter_Kritzek_schmal-234x300.jpg\" alt=\"\" width=\"234\" height=\"300\" srcset=\"https:\/\/www.fmbc-austria.at\/cms\/wp-content\/uploads\/2026\/02\/Peter_Kritzek_schmal-234x300.jpg 234w, https:\/\/www.fmbc-austria.at\/cms\/wp-content\/uploads\/2026\/02\/Peter_Kritzek_schmal.jpg 450w\" sizes=\"auto, (max-width: 234px) 100vw, 234px\" \/><\/p>\n<p>&nbsp;<\/p>\n<p>am Donnerstag, den 12. Februar 2026, ist Peter im Alter von 79 Jahren verstorben.<\/p>\n<p>In guter Erinnerung wird er uns durch die Ausfl\u00fcge bleiben, bei denen er als unser Chauffeur durch seine Witze immer f\u00fcr eine lustige und kurzweilige Fahrt sorgte.<\/p>\n<p>Sch\u00f6nen letzten Flug Peter!<\/p>\n<h3>&nbsp;<\/h3>\n<h3>&nbsp;<\/h3>\n<h3>&nbsp;<\/h3>\n<h3><strong>Robert Fallmann \u2020 2023<\/strong><\/h3>\n<p><img loading=\"lazy\" decoding=\"async\" class=\"alignleft wp-image-11316 \" src=\"https:\/\/www.fmbc-austria.at\/cms\/wp-content\/uploads\/2023\/04\/Robert_Fallmann-212x300.jpeg\" alt=\"\" width=\"261\" height=\"369\" srcset=\"https:\/\/www.fmbc-austria.at\/cms\/wp-content\/uploads\/2023\/04\/Robert_Fallmann-212x300.jpeg 212w, https:\/\/www.fmbc-austria.at\/cms\/wp-content\/uploads\/2023\/04\/Robert_Fallmann-724x1024.jpeg 724w, https:\/\/www.fmbc-austria.at\/cms\/wp-content\/uploads\/2023\/04\/Robert_Fallmann-768x1086.jpeg 768w, https:\/\/www.fmbc-austria.at\/cms\/wp-content\/uploads\/2023\/04\/Robert_Fallmann-1086x1536.jpeg 1086w, https:\/\/www.fmbc-austria.at\/cms\/wp-content\/uploads\/2023\/04\/Robert_Fallmann-1448x2048.jpeg 1448w, https:\/\/www.fmbc-austria.at\/cms\/wp-content\/uploads\/2023\/04\/Robert_Fallmann.jpeg 1654w\" sizes=\"auto, (max-width: 261px) 100vw, 261px\" \/> &nbsp;&nbsp;&nbsp;&nbsp;&nbsp;<\/p>\n<h3>&nbsp;<\/h3>\n<p>am Montag, dem 9.J\u00e4nner 2023 nach einem erf\u00fcllten Leben im 89.Lebensjahr ist Robert von uns geganen.<\/p>\n<p>Wir werden das Andenken an dich bewahren !<\/p>\n<h3>&nbsp;<\/h3>\n<p>&nbsp;<\/p>\n<h3>&nbsp;<\/h3>\n<h3>&nbsp;<\/h3>\n<p>&nbsp;<\/p>\n<h3><strong>Horst Haiderer \u2020 2022<\/strong><\/h3>\n<p><img loading=\"lazy\" decoding=\"async\" class=\"wp-image-11173 alignleft\" src=\"https:\/\/www.fmbc-austria.at\/cms\/wp-content\/uploads\/2022\/10\/Horst_Haiderer-225x300.jpg\" alt=\"\" width=\"263\" height=\"351\" srcset=\"https:\/\/www.fmbc-austria.at\/cms\/wp-content\/uploads\/2022\/10\/Horst_Haiderer-225x300.jpg 225w, https:\/\/www.fmbc-austria.at\/cms\/wp-content\/uploads\/2022\/10\/Horst_Haiderer-768x1024.jpg 768w, https:\/\/www.fmbc-austria.at\/cms\/wp-content\/uploads\/2022\/10\/Horst_Haiderer-1152x1536.jpg 1152w, https:\/\/www.fmbc-austria.at\/cms\/wp-content\/uploads\/2022\/10\/Horst_Haiderer.jpg 1500w\" sizes=\"auto, (max-width: 263px) 100vw, 263px\" \/><\/p>\n<p>&nbsp;<\/p>\n<p>Horst ist am Freitag, dem 10.Juni 2022, unerwartet kurz vor seinem 64.Geburtstag verstorben.<\/p>\n<p>Leider viel zu fr\u00fch !<\/p>\n<p>Wir werden dich vermissen und in lieber Erinnerung behalten.<\/p>\n<h3>&nbsp;<\/h3>\n<h3>&nbsp;<\/h3>\n<h3>&nbsp;<\/h3>\n<h3>&nbsp;<\/h3>\n<h3>&nbsp;<\/h3>\n<h3><strong>Helmut Huber \u2020 2019<\/strong><\/h3>\n<p><img loading=\"lazy\" decoding=\"async\" class=\"size-medium wp-image-3352 alignleft\" src=\"https:\/\/www.fmbc-austria.at\/cms\/wp-content\/uploads\/2019\/05\/Helmut_Huber-1-252x300.jpg\" alt=\"\" width=\"252\" height=\"300\" srcset=\"https:\/\/www.fmbc-austria.at\/cms\/wp-content\/uploads\/2019\/05\/Helmut_Huber-1-252x300.jpg 252w, https:\/\/www.fmbc-austria.at\/cms\/wp-content\/uploads\/2019\/05\/Helmut_Huber-1-768x915.jpg 768w, https:\/\/www.fmbc-austria.at\/cms\/wp-content\/uploads\/2019\/05\/Helmut_Huber-1-860x1024.jpg 860w, https:\/\/www.fmbc-austria.at\/cms\/wp-content\/uploads\/2019\/05\/Helmut_Huber-1-600x715.jpg 600w, https:\/\/www.fmbc-austria.at\/cms\/wp-content\/uploads\/2019\/05\/Helmut_Huber-1.jpg 1250w\" sizes=\"auto, (max-width: 252px) 100vw, 252px\" \/><\/p>\n<p>&nbsp;<\/p>\n<p>Mit gro\u00dfer Best\u00fcrzung haben wir vom unerwarteten Tod unseres sympathischen Vereinsmitglieds Helmut Huber erfahren.<\/p>\n<p>Seit dem 25.April 2019 m\u00fcssen wir sein herzliches Lachen vermissen.<\/p>\n<p>Er wird uns in lieber Erinnerung bleiben.<\/p>\n<h2>&nbsp;<\/h2>\n<h2>&nbsp;<\/h2>\n<h3>&nbsp;<\/h3>\n<h3><span style=\"font-size: 18pt;\"><strong>Peter P\u00fcschner \u2020 2018<\/strong><\/span><\/h3>\n<p><img loading=\"lazy\" decoding=\"async\" class=\"alignleft size-full wp-image-2726\" src=\"http:\/\/www.fmbc-austria.at\/cms\/wp-content\/uploads\/2018\/02\/Obelix_Foto.jpg\" alt=\"\" width=\"234\" height=\"270\" srcset=\"https:\/\/www.fmbc-austria.at\/cms\/wp-content\/uploads\/2018\/02\/Obelix_Foto.jpg 234w, https:\/\/www.fmbc-austria.at\/cms\/wp-content\/uploads\/2018\/02\/Obelix_Foto-130x150.jpg 130w\" sizes=\"auto, (max-width: 234px) 100vw, 234px\" \/>Vor ca.10 Jahren bist du Peter, genannt Obelix dem FMBC Austria beigetreten. Deine Erscheinung verschaffte dir sofort Respekt, noch viel gr\u00f6sser war Dein Herz. Von Beginn an warst Du bei s\u00e4mtlichen T\u00e4tigkeiten f\u00fcr den Verein dabei und hast \u00fcberall tatkr\u00e4ftig mitgeholfen. Sehr bald wurdest Du zu einer wahren St\u00fctze und hast als Vorstandsmitglied in der Funktion als Kassier unser vollstes Vertrauen gewonnen. Deine einzigartige Weise half uns bei sehr vielen Entscheidungen und Deine klare Meinung war sehr gefragt und gesch\u00e4tzt.<br \/>\nIn Deiner Gesellschaft war es auch niemals langweilig. Unz\u00e4hlige Geschichten aus Deinem bewegten Leben erheiterten uns immer wieder und Deine Art der Schilderung bleibt uns unvergessen. Genau das machte auch so manch ungeliebte Vorstandssitzung zu einem angenehmen Treffen mit Freunden.<br \/>\nBei Ausfl\u00fcgen stehts mit von der Partie, immer bestens gelaunt, oder auch bei jeder Veranstaltung am Flugplatz war es f\u00fcr Dich selbstverst\u00e4ndlich, dabei zu sein.<br \/>\nDein unerm\u00fcdlicher Einsatz bei der j\u00e4hrlichen Modellbaumesse in Wien war f\u00fcr mich und auch allen anderen immer wieder ein Motivationsschub ohne den es manchmal sehr schwer gewesen w\u00e4re, weiterzumachen. Die L\u00fccke, die Du speziell beim Messeteam hinterl\u00e4sst wird kaum zu f\u00fcllen sein.<br \/>\nDer Fliegerverein war Deine 2. Heimat obwohl Du auch noch andere sehr interessante Hobbys hattest, von denen Du auch immer wieder begeistert erz\u00e4hlt hast. \u00dcber Oldtimerrallys und Bootsausfl\u00fcge konntest du so manche \u00e4u\u00dferst unterhaltsame Geschichte erz\u00e4hlen. Jeder, der eine Bootsfahrt auf der Donau miterleben durfte, genoss unvergessliche Stunden mit Dir zu Wasser.<br \/>\nDein ganzer Stolz war Dein stetig wachsender Hangar, der mit der Zustimmung Deiner dich liebenden und sehr verst\u00e4ndnisvollen Frau eine wirklich beachtliche Gr\u00f6\u00dfe erreicht hatte. Deine Begr\u00fcndung dazu war dann immer: I hau seit Jahren nix mehr zammen, was in den Anf\u00e4ngen f\u00fcr ein ausgewogenes Verh\u00e4ltnis von Zu- und Abg\u00e4ngen Deiner Flugzeugflotte sorgte.<br \/>\nSpeziell war auch Deine penible Logbuchf\u00fchrung \u00fcber jeden Deiner Flieger. Bescheid zu wissen, wie viele Fl\u00fcge jedes Modell drauf hatte, hat mich immer wieder zum Staunen gebracht. Auch die Begeisterung f\u00fcr Modellhubschrauber wuchs st\u00e4ndig bei Dir und sch\u00f6ne Hubschrauberfl\u00fcge setzten Dir immer wieder ein breites L\u00e4cheln ins Gesicht.<br \/>\nDeine Art vieles erreichen zu wollen aber nichts erzwingen zu m\u00fcssen, galt f\u00fcr mich pers\u00f6nlich als sehr vorbildlich.<br \/>\nNun k\u00f6nnen wir uns nur f\u00fcr alles bedanken, was Du uns gegeben hast. F\u00fcr Deinen letzten Flug w\u00fcnsche ich Dir das Beste. Du wirst uns immer in Erinnerung bleiben, Deine Freundschaft war das gr\u00f6\u00dfte Geschenk f\u00fcr uns. Ich danke Dir daf\u00fcr.<br \/>\nMartin Grabher<\/p>\n<h2><span style=\"font-size: 18pt;\"><strong>Stefan Rosenich \/ Poeli1 \u2020 20<\/strong>16<\/span><\/h2>\n<p class=\"p1\"><a href=\"https:\/\/www.youtube.com\/user\/poeli1\" target=\"_blank\" rel=\"noopener noreferrer\"><img loading=\"lazy\" decoding=\"async\" class=\"alignleft size-full wp-image-16\" src=\"http:\/\/www.fmbc-austria.at\/cms\/wp-content\/uploads\/2016\/10\/poeli.jpg\" alt=\"poeli\" width=\"449\" height=\"372\" srcset=\"https:\/\/www.fmbc-austria.at\/cms\/wp-content\/uploads\/2016\/10\/poeli.jpg 449w, https:\/\/www.fmbc-austria.at\/cms\/wp-content\/uploads\/2016\/10\/poeli-300x249.jpg 300w\" sizes=\"auto, (max-width: 449px) 100vw, 449px\" \/>https:\/\/www.youtube.com\/user\/poeli1<\/a><\/p>\n<p class=\"p1\">Liebe Verwandte, Freunde, Kollegen und Bekannte,<\/p>\n<p class=\"p1\">wir m\u00f6chten Euch \u00fcber unseren unbeschreiblichen Verlust informieren bzw. Euch daran teil-haben lassen.<\/p>\n<p class=\"p4\">Unser Stefan ist am 20. April in seinem 27. Lebensjahr von uns gegangen.<\/p>\n<p class=\"p4\">Es ist f\u00fcr uns noch immer kaum zu fassen, wieso so etwas \u00fcberhaupt und vor allem so pl\u00f6tzlich passierte. Es traf uns alle unerwartet. Stefan musste nach einem Kollaps am 16. April in einem sehr geschw\u00e4chten Zustand ins Spital gebracht werden. Er wurde dort untersucht und hat Infusionen bekommen. Anscheinend fehlte in erster Linie ein ausgewogenes Verh\u00e4ltnis der Mineralien Natrium und Kalium. Die \u00c4rzte haben danach seinen Zustand trotz allgemeiner Ersch\u00f6pfung als stabil erachtet. Stefan selbst rechnete mit einer baldigen Entlassung aus dem Spital und bat noch am 19.April per letzter Comboxnachricht an seine Mutter Eva, um verschiedene Utensilien, die er bei der Entlassung ben\u00f6tigen w\u00fcrde. Am 20. April Vormittag wurde er nach der Einnahme seines Fr\u00fchst\u00fccks in seinem Einzelzimmer im Spital nicht mehr lebend aufgefunden. Sein Herz hatte aufgeh\u00f6rt zu schlagen. Offensichtlich ist es infolge des Natriummangels bzw. der Therapie dieses Mangels w\u00e4hrend des Spitalsaufenthalts zu einem Gehirn\u00f6dem gekommen, aufgrund dessen er am Weg zum Bad kollabierte und unmittelbar verstarb. Die sofort eingeleiteten Reanimationsversuche verliefen erfolglos.<\/p>\n<p class=\"p4\">Seine Eltern und Stiefeltern und seine Schwester durften sich von ihm noch im Spital verabschieden und ein letztes Mal seinen lieben K\u00f6rper sehen.<\/p>\n<p class=\"p3\"><span class=\"s1\">Die Familie steht unter Schock. Unseren Schmerz und Verlust k\u00f6nnen wir nicht in Worte fassen. Unsere einzige Hoffnung ist, dass Stefan nun ohne k\u00f6rperliche Schw\u00e4che in der Gesellschaft von unseren geliebten Verstorbenen \u2013 allen voran seinem Opa Walter und seinem Opa Paul im Himmel gut aufgehoben ist. Wir sind unendlich dankbar f\u00fcr die Zeit, die wir mit ihm verbringen durften. Wir sind dankbar f\u00fcr die grossartige Liebe und f\u00fcr sein Interesse, das er uns jeweils entgegengebracht hat. Wir sind aber auch dankbar f\u00fcr den mutigen und fleissigen Lebensauftritt von ihm, mit dem er all die Unbill ertrug und das Beste daraus machte. Wir danken ihm auch f\u00fcr seine fachliche und engagierte Unterst\u00fctzung in allen Dingen der Soft- und Hardware. Nicht zuletzt sind wir ihm dankbar f\u00fcr Tausende Fotos und Filme, in denen er uns, unsere Welt und auch sein eigenes Leben dokumentierte. Er war sowohl in seinem Beruf, wie auch in seiner Freizeit h\u00f6chst engagiert, authentisch und angesehen. \u00dcberall fehlt nun sein freundliches Wesen.<\/span><\/p>\n<p class=\"p4\">Wenn wir aus den letzten Wochen und Tagen aus Stefans Leben eine Schlussfolgerung ziehen wollen, dann wohl die, dass durch zu viel Angst vor Diagnose und Medizinischen Behandlungen eine Vermeidung von Arztbesuchen stattfindet und so die Gefahr besteht,&nbsp;vielleicht relativ&nbsp;einfache medizinische Probleme (hier ein latentes Elektrolytdefizit) zu \u00fcbersehen, so dass sich diese zu lebensbedrohlichen Komplikationen entwickeln k\u00f6nnen. Wenn man nun auch sagen k\u00f6nnte, dass im Krankenhaus durch eine intensivere (z.B. zweist\u00fcndliche \u00dcberwachung des Elektrolythaushalts) die Katastrophe vielleicht h\u00e4tte vermieden werden k\u00f6nnen, so gehen wir doch davon aus, dass niemanden Schuld trifft und Stefans Tod vermutlich&nbsp;durch eine Verkettung ungl\u00fccklicher Umst\u00e4nde erfolgte, die jedoch wahrscheinlich weitgehend von seiner eigentlichen Grunderkrankung im Kindesalter eher unabh\u00e4ngig sind.<\/p>\n<p class=\"p4\">Das Krankenhauspersonal hat Stefan bei seinem kurzen Aufenthalt zu jeder Zeit zuvorkommend und gewissenhaft betreut, wof\u00fcr wir den Schwestern und \u00c4rztinnen auch unseren Dank ausgesprochen haben.<\/p>\n<p class=\"p4\">DANKE Stefan!<\/p>\n<p class=\"p4\">Die Verabschiedung vom Stefan findet am 6.5.2016 um 15 Uhr am Friedhof Stammersdorf Zentral in 1210 Wien statt (siehe die Parte unten).<\/p>\n<p class=\"p4\">In Trauer,<\/p>\n<p class=\"p1\">Eva mit Andi, Paul mit No\u00e9mi, Lisa-Maria, Anna- und Lotte-Oma<\/p>\n<p class=\"p2\"><span class=\"s1\">&nbsp;<\/span>Korrespondenz-E-Mail:<\/p>\n<p class=\"p2\"><span class=\"s1\">Eva Maria Plachy &#8211;&nbsp;<span id=\"cloak2847dec2180a9465ee22be7c8655fa96\"><a href=\"mailto:e.plachy@amphora.at\"><span class=\"s2\">e.plachy@amphora.at<\/span><\/a><\/span><\/span><\/p>\n<p class=\"p6\"><span class=\"s3\">Paul Rosenich &#8211;&nbsp;<span class=\"s4\"><span id=\"cloakb1b66ae47f02ad82b78acb17a55679c3\"><a href=\"mailto:paul@rosenich.com\">paul@rosenich.com<\/a><\/span><\/span><\/span><\/p>\n<p>&nbsp;<\/p>\n<p class=\"p6\"><span style=\"font-size: 18pt;\"><strong>Peter Szelpal \u2020 2016<\/strong><\/span><\/p>\n<p><img loading=\"lazy\" decoding=\"async\" class=\"alignleft wp-image-17\" src=\"http:\/\/www.fmbc-austria.at\/cms\/wp-content\/uploads\/2016\/10\/szelpal.jpg\" alt=\"szelpal\" width=\"467\" height=\"285\" srcset=\"https:\/\/www.fmbc-austria.at\/cms\/wp-content\/uploads\/2016\/10\/szelpal.jpg 800w, https:\/\/www.fmbc-austria.at\/cms\/wp-content\/uploads\/2016\/10\/szelpal-300x183.jpg 300w, https:\/\/www.fmbc-austria.at\/cms\/wp-content\/uploads\/2016\/10\/szelpal-768x468.jpg 768w\" sizes=\"auto, (max-width: 467px) 100vw, 467px\" \/>Unser lieber Freund Peter Szelpal hat uns ganz \u00fcberraschend kurz nach seinem 69. Geburtstag am 21. J\u00e4nner 2016 &nbsp;f\u00fcr immer verlassen.<\/p>\n<p>Sein gro\u00dfes Hobby war neben Bowling das Modellfliegen. Er war seit 1987 Vereinsmitglied. Begonnen mit dem Airfisch hat er stets gerne neue Modelle gebaut und geflogen und war auch, soweit es seine Gesundheit nach einem Schlaganfall zulie\u00df, bei vielen Wettbewerben aktiv. In der Pension hatte er ja mehr Zeit.<\/p>\n<p>Als ihn seine Familie am meisten brauchte \u2013 in der Nacht bevor seine geliebte &nbsp;Enkeltochter Carolin eine Gehirntumoroperation hatte \u2013 ist er verstorben.<\/p>\n<p>Er wird uns, als manchmal streitbarer Flugkollege, &nbsp;sehr fehlen. Auf seinem letzten Weg wurde er von vielen Freunden und Flugkollegen begleitet.<\/p>\n<p>Unser Mitgef\u00fchl gilt seiner Frau Ren\u00e9e, Tochter Sandra, Schwiegersohn Oliver und Enkelin Carolin.<\/p>\n<p>Wir werden ihn vermissen, mir geht mein Freund Peter sehr ab.<\/p>\n<p>Ferry<\/p>\n<p>&nbsp;<\/p>\n","protected":false},"excerpt":{"rendered":"<p>&nbsp; Peter Krizek \u2020 2026 &nbsp; am Donnerstag, den 12. Februar 2026, ist Peter im Alter von 79 Jahren verstorben.<\/p>\n","protected":false},"author":1,"featured_media":0,"parent":0,"menu_order":0,"comment_status":"closed","ping_status":"closed","template":"","meta":{"colormag_page_container_layout":"default_layout","colormag_page_sidebar_layout":"default_layout","ngg_post_thumbnail":0,"footnotes":""},"class_list":["post-15","page","type-page","status-publish","hentry"],"jetpack_sharing_enabled":true,"jetpack_shortlink":"https:\/\/wp.me\/P811cz-f","_links":{"self":[{"href":"https:\/\/www.fmbc-austria.at\/cms\/index.php?rest_route=\/wp\/v2\/pages\/15","targetHints":{"allow":["GET"]}}],"collection":[{"href":"https:\/\/www.fmbc-austria.at\/cms\/index.php?rest_route=\/wp\/v2\/pages"}],"about":[{"href":"https:\/\/www.fmbc-austria.at\/cms\/index.php?rest_route=\/wp\/v2\/types\/page"}],"author":[{"embeddable":true,"href":"https:\/\/www.fmbc-austria.at\/cms\/index.php?rest_route=\/wp\/v2\/users\/1"}],"replies":[{"embeddable":true,"href":"https:\/\/www.fmbc-austria.at\/cms\/index.php?rest_route=%2Fwp%2Fv2%2Fcomments&post=15"}],"version-history":[{"count":16,"href":"https:\/\/www.fmbc-austria.at\/cms\/index.php?rest_route=\/wp\/v2\/pages\/15\/revisions"}],"predecessor-version":[{"id":12493,"href":"https:\/\/www.fmbc-austria.at\/cms\/index.php?rest_route=\/wp\/v2\/pages\/15\/revisions\/12493"}],"wp:attachment":[{"href":"https:\/\/www.fmbc-austria.at\/cms\/index.php?rest_route=%2Fwp%2Fv2%2Fmedia&parent=15"}],"curies":[{"name":"wp","href":"https:\/\/api.w.org\/{rel}","templated":true}]}}