{"id":11671,"date":"2023-12-04T21:18:24","date_gmt":"2023-12-04T20:18:24","guid":{"rendered":"https:\/\/www.fmbc-austria.at\/cms\/?page_id=11671"},"modified":"2023-12-04T21:26:51","modified_gmt":"2023-12-04T20:26:51","slug":"modellflugsport","status":"publish","type":"page","link":"https:\/\/www.fmbc-austria.at\/cms\/?page_id=11671","title":{"rendered":"Modellflugsport"},"content":{"rendered":"\n<p>&nbsp;<\/p>\n<h6><span style=\"color: #ff0000;\">Die folgenden Flyer vom \u00f6sterreichischen Aeroclub dienen als Hilfestellung <\/span><\/h6>\n<h6><span style=\"color: #ff0000;\">f\u00fcr die ersten Schritte zum sch\u00f6nsten Hobby &nbsp;\ud83d\ude09<\/span><\/h6>\n<p>&nbsp;<\/p>\n<p>&nbsp;<\/p>\n<p><img decoding=\"async\" src=\"https:\/\/www.fmbc-austria.at\/cms\/wp-content\/uploads\/2023\/12\/Einstieg_1.jpeg\"><\/p>\n<p><img decoding=\"async\" src=\"https:\/\/www.fmbc-austria.at\/cms\/wp-content\/uploads\/2023\/12\/Einstieg_2.jpeg\"><\/p>\n<h6>&nbsp;<\/h6>\n<p>&nbsp;<\/p>\n<p><img decoding=\"async\" src=\"https:\/\/www.fmbc-austria.at\/cms\/wp-content\/uploads\/2023\/12\/Einstieg_3.jpeg\"><\/p>\n<p>&nbsp;<\/p>\n<p><img decoding=\"async\" src=\"https:\/\/www.fmbc-austria.at\/cms\/wp-content\/uploads\/2023\/12\/Einstieg_4.jpeg\"><\/p>\n<p>&nbsp;<\/p>\n<p><img decoding=\"async\" src=\"https:\/\/www.fmbc-austria.at\/cms\/wp-content\/uploads\/2023\/12\/Einstieg_5.jpeg\"><\/p>\n<p><img decoding=\"async\" src=\"https:\/\/www.fmbc-austria.at\/cms\/wp-content\/uploads\/2023\/12\/Einstieg_6.jpeg\"><\/p>\n<p>&nbsp;<\/p>\n<p>&nbsp;<\/p>\n<p>&nbsp;<\/p>\n<p>&nbsp;<\/p>\n<p>&nbsp;<\/p>\n<p>&nbsp;<\/p>\n","protected":false},"excerpt":{"rendered":"<p>&nbsp; Die folgenden Flyer vom \u00f6sterreichischen Aeroclub dienen als Hilfestellung f\u00fcr die ersten Schritte zum sch\u00f6nsten Hobby &nbsp;\ud83d\ude09 &nbsp; &nbsp;<\/p>\n","protected":false},"author":20,"featured_media":0,"parent":0,"menu_order":0,"comment_status":"closed","ping_status":"closed","template":"","meta":{"colormag_page_container_layout":"default_layout","colormag_page_sidebar_layout":"default_layout","ngg_post_thumbnail":0,"jetpack_post_was_ever_published":false,"footnotes":""},"class_list":["post-11671","page","type-page","status-publish","hentry"],"jetpack_sharing_enabled":true,"jetpack_shortlink":"https:\/\/wp.me\/P811cz-32f","_links":{"self":[{"href":"https:\/\/www.fmbc-austria.at\/cms\/index.php?rest_route=\/wp\/v2\/pages\/11671","targetHints":{"allow":["GET"]}}],"collection":[{"href":"https:\/\/www.fmbc-austria.at\/cms\/index.php?rest_route=\/wp\/v2\/pages"}],"about":[{"href":"https:\/\/www.fmbc-austria.at\/cms\/index.php?rest_route=\/wp\/v2\/types\/page"}],"author":[{"embeddable":true,"href":"https:\/\/www.fmbc-austria.at\/cms\/index.php?rest_route=\/wp\/v2\/users\/20"}],"replies":[{"embeddable":true,"href":"https:\/\/www.fmbc-austria.at\/cms\/index.php?rest_route=%2Fwp%2Fv2%2Fcomments&post=11671"}],"version-history":[{"count":2,"href":"https:\/\/www.fmbc-austria.at\/cms\/index.php?rest_route=\/wp\/v2\/pages\/11671\/revisions"}],"predecessor-version":[{"id":11675,"href":"https:\/\/www.fmbc-austria.at\/cms\/index.php?rest_route=\/wp\/v2\/pages\/11671\/revisions\/11675"}],"wp:attachment":[{"href":"https:\/\/www.fmbc-austria.at\/cms\/index.php?rest_route=%2Fwp%2Fv2%2Fmedia&parent=11671"}],"curies":[{"name":"wp","href":"https:\/\/api.w.org\/{rel}","templated":true}]}}